{"id":673,"date":"2026-04-17T19:48:05","date_gmt":"2026-04-17T19:48:05","guid":{"rendered":"https:\/\/limegreen-koala-935574.hostingersite.com\/?page_id=673"},"modified":"2026-04-17T19:48:42","modified_gmt":"2026-04-17T19:48:42","slug":"apuracao-domestica","status":"publish","type":"page","link":"https:\/\/escritoriointeracao.com.br\/?page_id=673","title":{"rendered":"Apura\u00e7\u00e3o Dom\u00e9stica"},"content":{"rendered":"\t\t<div data-elementor-type=\"wp-page\" data-elementor-id=\"673\" class=\"elementor elementor-673\" data-elementor-post-type=\"page\">\n\t\t\t\t<div class=\"elementor-element elementor-element-18643bbf e-flex e-con-boxed e-con e-parent\" data-id=\"18643bbf\" data-element_type=\"container\" data-e-type=\"container\" data-settings=\"{&quot;background_background&quot;:&quot;gradient&quot;,&quot;shape_divider_bottom&quot;:&quot;waves&quot;}\">\n\t\t\t\t\t<div class=\"e-con-inner\">\n\t\t\t\t<div class=\"elementor-shape elementor-shape-bottom\" aria-hidden=\"true\" data-negative=\"false\">\n\t\t\t<svg xmlns=\"http:\/\/www.w3.org\/2000\/svg\" viewBox=\"0 0 1000 100\" preserveAspectRatio=\"none\">\n\t<path class=\"elementor-shape-fill\" d=\"M421.9,6.5c22.6-2.5,51.5,0.4,75.5,5.3c23.6,4.9,70.9,23.5,100.5,35.7c75.8,32.2,133.7,44.5,192.6,49.7\n\tc23.6,2.1,48.7,3.5,103.4-2.5c54.7-6,106.2-25.6,106.2-25.6V0H0v30.3c0,0,72,32.6,158.4,30.5c39.2-0.7,92.8-6.7,134-22.4\n\tc21.2-8.1,52.2-18.2,79.7-24.2C399.3,7.9,411.6,7.5,421.9,6.5z\"\/>\n<\/svg>\t\t<\/div>\n\t\t\t\t<div class=\"elementor-element elementor-element-24220f8f elementor-widget elementor-widget-heading\" data-id=\"24220f8f\" data-element_type=\"widget\" data-e-type=\"widget\" data-widget_type=\"heading.default\">\n\t\t\t\t\t<h1 class=\"elementor-heading-title elementor-size-default\">Apura\u00e7\u00e3o Dom\u00e9stica<\/h1>\t\t\t\t<\/div>\n\t\t\t\t\t<\/div>\n\t\t\t\t<\/div>\n\t\t<div class=\"elementor-element elementor-element-57d80a32 e-con-full e-flex e-con e-parent\" data-id=\"57d80a32\" data-element_type=\"container\" data-e-type=\"container\" data-settings=\"{&quot;background_background&quot;:&quot;classic&quot;}\">\n\t\t\t\t<div class=\"elementor-element elementor-element-22c0f73 elementor-widget__width-inherit elementor-widget elementor-widget-text-editor\" data-id=\"22c0f73\" data-element_type=\"widget\" data-e-type=\"widget\" data-widget_type=\"text-editor.default\">\n\t\t\t\t\t\t\t\t\t<p data-start=\"62\" data-end=\"261\">A Apura\u00e7\u00e3o Dom\u00e9stica da InterA\u00e7\u00e3o Contabilidade \u00e9 voltada para empregadores que possuem funcion\u00e1rios dom\u00e9sticos e precisam manter todas as obriga\u00e7\u00f5es trabalhistas em dia, com seguran\u00e7a e praticidade.<\/p><p data-start=\"263\" data-end=\"421\">Cuidamos de toda a rotina relacionada ao v\u00ednculo empregat\u00edcio, garantindo o correto cumprimento das exig\u00eancias legais e evitando riscos com encargos e prazos.<\/p><p data-start=\"423\" data-end=\"446\"><strong data-start=\"423\" data-end=\"446\">O que est\u00e1 incluso:<\/strong><\/p><ul data-start=\"447\" data-end=\"704\"><li data-section-id=\"1wxhux7\" data-start=\"447\" data-end=\"489\">Cadastro e gest\u00e3o no eSocial Dom\u00e9stico<\/li><li data-section-id=\"1ie3xqv\" data-start=\"490\" data-end=\"526\">Elabora\u00e7\u00e3o da folha de pagamento<\/li><li data-section-id=\"1pw0kex\" data-start=\"527\" data-end=\"580\">C\u00e1lculo de sal\u00e1rios, INSS, FGTS e demais encargos<\/li><li data-section-id=\"1kycy\" data-start=\"581\" data-end=\"619\">Emiss\u00e3o da guia DAE para pagamento<\/li><li data-section-id=\"1gsunqh\" data-start=\"620\" data-end=\"667\">Controle de f\u00e9rias, 13\u00ba sal\u00e1rio e rescis\u00f5es<\/li><li data-section-id=\"1iwadcp\" data-start=\"668\" data-end=\"704\">Suporte e orienta\u00e7\u00e3o trabalhista<\/li><\/ul><p data-start=\"706\" data-end=\"827\">\u00a0<\/p><p data-start=\"706\" data-end=\"827\">Com nosso apoio, voc\u00ea tem mais tranquilidade para cumprir suas obriga\u00e7\u00f5es como empregador, de forma simples e organizada.<\/p>\t\t\t\t\t\t\t\t<\/div>\n\t\t\t\t<\/div>\n\t\t<div class=\"elementor-element elementor-element-7bc5cb6 e-grid e-con-boxed e-con e-parent\" data-id=\"7bc5cb6\" data-element_type=\"container\" data-e-type=\"container\">\n\t\t\t\t\t<div class=\"e-con-inner\">\n\t\t\t\t<div class=\"elementor-element elementor-element-edd68a3 elementor-widget elementor-widget-text-editor\" data-id=\"edd68a3\" data-element_type=\"widget\" data-e-type=\"widget\" data-widget_type=\"text-editor.default\">\n\t\t\t\t\t\t\t\t\t<h1>D\u00favidas?<\/h1><h1>Fale conosco.<\/h1>\t\t\t\t\t\t\t\t<\/div>\n\t\t\t\t<div class=\"elementor-element elementor-element-82f3e82 elementor-button-align-stretch elementor-widget elementor-widget-form\" data-id=\"82f3e82\" data-element_type=\"widget\" data-e-type=\"widget\" data-settings=\"{&quot;step_next_label&quot;:&quot;Pr\\u00f3ximo&quot;,&quot;step_previous_label&quot;:&quot;Anterior&quot;,&quot;button_width&quot;:&quot;100&quot;,&quot;step_type&quot;:&quot;number_text&quot;,&quot;step_icon_shape&quot;:&quot;circle&quot;}\" data-widget_type=\"form.default\">\n\t\t\t\t\t\t\t<form class=\"elementor-form\" method=\"post\" name=\"Novo formul\u00e1rio\" aria-label=\"Novo formul\u00e1rio\">\n\t\t\t<input type=\"hidden\" name=\"post_id\" value=\"673\"\/>\n\t\t\t<input type=\"hidden\" name=\"form_id\" value=\"82f3e82\"\/>\n\t\t\t<input type=\"hidden\" name=\"referer_title\" value=\"\" \/>\n\n\t\t\t\n\t\t\t<div class=\"elementor-form-fields-wrapper elementor-labels-above\">\n\t\t\t\t\t\t\t\t<div class=\"elementor-field-type-text elementor-field-group elementor-column elementor-field-group-name elementor-col-100\">\n\t\t\t\t\t\t\t\t\t\t\t\t<label for=\"form-field-name\" class=\"elementor-field-label\">\n\t\t\t\t\t\t\t\tNome\t\t\t\t\t\t\t<\/label>\n\t\t\t\t\t\t\t\t\t\t\t\t\t\t<input size=\"1\" type=\"text\" name=\"form_fields[name]\" id=\"form-field-name\" class=\"elementor-field elementor-size-xs  elementor-field-textual\" placeholder=\"Nome\">\n\t\t\t\t\t\t\t\t\t\t\t<\/div>\n\t\t\t\t\t\t\t\t<div class=\"elementor-field-type-email elementor-field-group elementor-column elementor-field-group-email elementor-col-100 elementor-field-required elementor-mark-required\">\n\t\t\t\t\t\t\t\t\t\t\t\t<label for=\"form-field-email\" class=\"elementor-field-label\">\n\t\t\t\t\t\t\t\tE-mail\t\t\t\t\t\t\t<\/label>\n\t\t\t\t\t\t\t\t\t\t\t\t\t\t<input size=\"1\" type=\"email\" name=\"form_fields[email]\" id=\"form-field-email\" class=\"elementor-field elementor-size-xs  elementor-field-textual\" placeholder=\"E-mail\" required=\"required\">\n\t\t\t\t\t\t\t\t\t\t\t<\/div>\n\t\t\t\t\t\t\t\t<div class=\"elementor-field-type-textarea elementor-field-group elementor-column elementor-field-group-message elementor-col-100\">\n\t\t\t\t\t\t\t\t\t\t\t\t<label for=\"form-field-message\" class=\"elementor-field-label\">\n\t\t\t\t\t\t\t\tMensagem\t\t\t\t\t\t\t<\/label>\n\t\t\t\t\t\t<textarea class=\"elementor-field-textual elementor-field  elementor-size-xs\" name=\"form_fields[message]\" id=\"form-field-message\" rows=\"4\" placeholder=\"Mensagem\"><\/textarea>\t\t\t\t<\/div>\n\t\t\t\t\t\t\t\t<div class=\"elementor-field-group elementor-column elementor-field-type-submit elementor-col-100 e-form__buttons\">\n\t\t\t\t\t<button class=\"elementor-button elementor-size-sm\" type=\"submit\">\n\t\t\t\t\t\t<span class=\"elementor-button-content-wrapper\">\n\t\t\t\t\t\t\t\t\t\t\t\t\t\t\t\t\t\t\t\t\t\t<span class=\"elementor-button-text\">Enviar<\/span>\n\t\t\t\t\t\t\t\t\t\t\t\t\t<\/span>\n\t\t\t\t\t<\/button>\n\t\t\t\t<\/div>\n\t\t\t<\/div>\n\t\t<\/form>\n\t\t\t\t\t\t<\/div>\n\t\t\t\t<div class=\"elementor-element elementor-element-466fd69 elementor-button-info elementor-widget elementor-widget-button\" data-id=\"466fd69\" data-element_type=\"widget\" data-e-type=\"widget\" data-widget_type=\"button.default\">\n\t\t\t\t\t\t\t\t\t\t<a class=\"elementor-button elementor-button-link elementor-size-sm\" href=\"#\">\n\t\t\t\t\t\t<span class=\"elementor-button-content-wrapper\">\n\t\t\t\t\t\t<span class=\"elementor-button-icon\">\n\t\t\t\t<svg aria-hidden=\"true\" class=\"e-font-icon-svg e-far-arrow-alt-circle-right\" viewBox=\"0 0 512 512\" xmlns=\"http:\/\/www.w3.org\/2000\/svg\"><path d=\"M504 256C504 119 393 8 256 8S8 119 8 256s111 248 248 248 248-111 248-248zm-448 0c0-110.5 89.5-200 200-200s200 89.5 200 200-89.5 200-200 200S56 366.5 56 256zm72 20v-40c0-6.6 5.4-12 12-12h116v-67c0-10.7 12.9-16 20.5-8.5l99 99c4.7 4.7 4.7 12.3 0 17l-99 99c-7.6 7.6-20.5 2.2-20.5-8.5v-67H140c-6.6 0-12-5.4-12-12z\"><\/path><\/svg>\t\t\t<\/span>\n\t\t\t\t\t\t\t\t\t<span class=\"elementor-button-text\">Mande sua mensagem aqui<\/span>\n\t\t\t\t\t<\/span>\n\t\t\t\t\t<\/a>\n\t\t\t\t\t\t\t\t<\/div>\n\t\t\t\t\t<\/div>\n\t\t\t\t<\/div>\n\t\t\t\t<\/div>\n\t\t","protected":false},"excerpt":{"rendered":"<p>Apura\u00e7\u00e3o Dom\u00e9stica A Apura\u00e7\u00e3o Dom\u00e9stica da InterA\u00e7\u00e3o Contabilidade \u00e9 voltada para empregadores que possuem funcion\u00e1rios dom\u00e9sticos e precisam manter todas as obriga\u00e7\u00f5es trabalhistas em dia, com seguran\u00e7a e praticidade. Cuidamos de toda a rotina relacionada ao v\u00ednculo empregat\u00edcio, garantindo o correto cumprimento das exig\u00eancias legais e evitando riscos com encargos e prazos. O que est\u00e1 [&hellip;]<\/p>\n","protected":false},"author":2,"featured_media":144,"parent":0,"menu_order":0,"comment_status":"closed","ping_status":"closed","template":"elementor_header_footer","meta":{"footnotes":""},"class_list":["post-673","page","type-page","status-publish","has-post-thumbnail","hentry"],"_hostinger_reach_plugin_has_subscription_block":false,"_hostinger_reach_plugin_is_elementor":false,"_links":{"self":[{"href":"https:\/\/escritoriointeracao.com.br\/index.php?rest_route=\/wp\/v2\/pages\/673","targetHints":{"allow":["GET"]}}],"collection":[{"href":"https:\/\/escritoriointeracao.com.br\/index.php?rest_route=\/wp\/v2\/pages"}],"about":[{"href":"https:\/\/escritoriointeracao.com.br\/index.php?rest_route=\/wp\/v2\/types\/page"}],"author":[{"embeddable":true,"href":"https:\/\/escritoriointeracao.com.br\/index.php?rest_route=\/wp\/v2\/users\/2"}],"replies":[{"embeddable":true,"href":"https:\/\/escritoriointeracao.com.br\/index.php?rest_route=%2Fwp%2Fv2%2Fcomments&post=673"}],"version-history":[{"count":4,"href":"https:\/\/escritoriointeracao.com.br\/index.php?rest_route=\/wp\/v2\/pages\/673\/revisions"}],"predecessor-version":[{"id":678,"href":"https:\/\/escritoriointeracao.com.br\/index.php?rest_route=\/wp\/v2\/pages\/673\/revisions\/678"}],"wp:featuredmedia":[{"embeddable":true,"href":"https:\/\/escritoriointeracao.com.br\/index.php?rest_route=\/wp\/v2\/media\/144"}],"wp:attachment":[{"href":"https:\/\/escritoriointeracao.com.br\/index.php?rest_route=%2Fwp%2Fv2%2Fmedia&parent=673"}],"curies":[{"name":"wp","href":"https:\/\/api.w.org\/{rel}","templated":true}]}}