{"id":682,"date":"2026-04-17T19:58:54","date_gmt":"2026-04-17T19:58:54","guid":{"rendered":"https:\/\/limegreen-koala-935574.hostingersite.com\/?page_id=682"},"modified":"2026-04-17T20:03:22","modified_gmt":"2026-04-17T20:03:22","slug":"constituicao-e-legalizacao-de-empresas","status":"publish","type":"page","link":"https:\/\/escritoriointeracao.com.br\/?page_id=682","title":{"rendered":"Constitui\u00e7\u00e3o e Legaliza\u00e7\u00e3o de Empresas"},"content":{"rendered":"\t\t<div data-elementor-type=\"wp-page\" data-elementor-id=\"682\" class=\"elementor elementor-682\" data-elementor-post-type=\"page\">\n\t\t\t\t<div class=\"elementor-element elementor-element-18643bbf e-flex e-con-boxed e-con e-parent\" data-id=\"18643bbf\" data-element_type=\"container\" data-e-type=\"container\" data-settings=\"{&quot;background_background&quot;:&quot;gradient&quot;,&quot;shape_divider_bottom&quot;:&quot;waves&quot;}\">\n\t\t\t\t\t<div class=\"e-con-inner\">\n\t\t\t\t<div class=\"elementor-shape elementor-shape-bottom\" aria-hidden=\"true\" data-negative=\"false\">\n\t\t\t<svg xmlns=\"http:\/\/www.w3.org\/2000\/svg\" viewBox=\"0 0 1000 100\" preserveAspectRatio=\"none\">\n\t<path class=\"elementor-shape-fill\" d=\"M421.9,6.5c22.6-2.5,51.5,0.4,75.5,5.3c23.6,4.9,70.9,23.5,100.5,35.7c75.8,32.2,133.7,44.5,192.6,49.7\n\tc23.6,2.1,48.7,3.5,103.4-2.5c54.7-6,106.2-25.6,106.2-25.6V0H0v30.3c0,0,72,32.6,158.4,30.5c39.2-0.7,92.8-6.7,134-22.4\n\tc21.2-8.1,52.2-18.2,79.7-24.2C399.3,7.9,411.6,7.5,421.9,6.5z\"\/>\n<\/svg>\t\t<\/div>\n\t\t\t\t<div class=\"elementor-element elementor-element-24220f8f elementor-widget elementor-widget-heading\" data-id=\"24220f8f\" data-element_type=\"widget\" data-e-type=\"widget\" data-widget_type=\"heading.default\">\n\t\t\t\t\t<h1 class=\"elementor-heading-title elementor-size-default\">Constitui\u00e7\u00e3o e Legaliza\u00e7\u00e3o de Empresas<\/h1>\t\t\t\t<\/div>\n\t\t\t\t\t<\/div>\n\t\t\t\t<\/div>\n\t\t<div class=\"elementor-element elementor-element-57d80a32 e-con-full e-flex e-con e-parent\" data-id=\"57d80a32\" data-element_type=\"container\" data-e-type=\"container\" data-settings=\"{&quot;background_background&quot;:&quot;classic&quot;}\">\n\t\t\t\t<div class=\"elementor-element elementor-element-22c0f73 elementor-widget__width-inherit elementor-widget elementor-widget-text-editor\" data-id=\"22c0f73\" data-element_type=\"widget\" data-e-type=\"widget\" data-widget_type=\"text-editor.default\">\n\t\t\t\t\t\t\t\t\t<p data-start=\"97\" data-end=\"250\">A InterA\u00e7\u00e3o Contabilidade auxilia voc\u00ea em todas as etapas para abrir e regularizar sua empresa, com orienta\u00e7\u00e3o clara e segura desde o in\u00edcio do processo.<\/p><p data-start=\"252\" data-end=\"422\">Cuidamos de toda a parte burocr\u00e1tica, garantindo que sua empresa seja constitu\u00edda corretamente, enquadrada no melhor regime tribut\u00e1rio e em conformidade com a legisla\u00e7\u00e3o.<\/p><p data-start=\"424\" data-end=\"447\"><strong data-start=\"424\" data-end=\"447\">O que est\u00e1 incluso:<\/strong><\/p><ul data-start=\"448\" data-end=\"712\"><li data-section-id=\"1i58dtt\" data-start=\"448\" data-end=\"472\">Abertura de empresas<\/li><li data-section-id=\"q3ktat\" data-start=\"473\" data-end=\"516\">Altera\u00e7\u00f5es contratuais e regulariza\u00e7\u00f5es<\/li><li data-section-id=\"1dfg5w\" data-start=\"517\" data-end=\"538\">Baixa de empresas<\/li><li data-section-id=\"15gqjwp\" data-start=\"539\" data-end=\"574\">Registro nos \u00f3rg\u00e3os competentes<\/li><li data-section-id=\"1673g7h\" data-start=\"575\" data-end=\"630\">Emiss\u00e3o de CNPJ e inscri\u00e7\u00f5es (estadual e municipal)<\/li><li data-section-id=\"1ebf1ml\" data-start=\"631\" data-end=\"676\">Orienta\u00e7\u00e3o sobre enquadramento tribut\u00e1rio<\/li><li data-section-id=\"1ndqgtw\" data-start=\"677\" data-end=\"712\">Suporte durante todo o processo<\/li><\/ul><p data-start=\"714\" data-end=\"824\">\u00a0<\/p><p data-start=\"714\" data-end=\"824\">Com nosso acompanhamento, voc\u00ea inicia ou regulariza seu neg\u00f3cio com mais agilidade, seguran\u00e7a e tranquilidade.<\/p>\t\t\t\t\t\t\t\t<\/div>\n\t\t\t\t<\/div>\n\t\t<div class=\"elementor-element elementor-element-7bc5cb6 e-grid e-con-boxed e-con e-parent\" data-id=\"7bc5cb6\" data-element_type=\"container\" data-e-type=\"container\">\n\t\t\t\t\t<div class=\"e-con-inner\">\n\t\t\t\t<div class=\"elementor-element elementor-element-edd68a3 elementor-widget elementor-widget-text-editor\" data-id=\"edd68a3\" data-element_type=\"widget\" data-e-type=\"widget\" data-widget_type=\"text-editor.default\">\n\t\t\t\t\t\t\t\t\t<h1>D\u00favidas?<\/h1><h1>Fale conosco.<\/h1>\t\t\t\t\t\t\t\t<\/div>\n\t\t\t\t<div class=\"elementor-element elementor-element-82f3e82 elementor-button-align-stretch elementor-widget elementor-widget-form\" data-id=\"82f3e82\" data-element_type=\"widget\" data-e-type=\"widget\" data-settings=\"{&quot;step_next_label&quot;:&quot;Pr\\u00f3ximo&quot;,&quot;step_previous_label&quot;:&quot;Anterior&quot;,&quot;button_width&quot;:&quot;100&quot;,&quot;step_type&quot;:&quot;number_text&quot;,&quot;step_icon_shape&quot;:&quot;circle&quot;}\" data-widget_type=\"form.default\">\n\t\t\t\t\t\t\t<form class=\"elementor-form\" method=\"post\" name=\"Novo formul\u00e1rio\" aria-label=\"Novo formul\u00e1rio\">\n\t\t\t<input type=\"hidden\" name=\"post_id\" value=\"682\"\/>\n\t\t\t<input type=\"hidden\" name=\"form_id\" value=\"82f3e82\"\/>\n\t\t\t<input type=\"hidden\" name=\"referer_title\" value=\"Constitui\u00e7\u00e3o e Legaliza\u00e7\u00e3o de Empresas\" \/>\n\n\t\t\t\t\t\t\t<input type=\"hidden\" name=\"queried_id\" value=\"682\"\/>\n\t\t\t\n\t\t\t<div class=\"elementor-form-fields-wrapper elementor-labels-above\">\n\t\t\t\t\t\t\t\t<div class=\"elementor-field-type-text elementor-field-group elementor-column elementor-field-group-name elementor-col-100\">\n\t\t\t\t\t\t\t\t\t\t\t\t<label for=\"form-field-name\" class=\"elementor-field-label\">\n\t\t\t\t\t\t\t\tNome\t\t\t\t\t\t\t<\/label>\n\t\t\t\t\t\t\t\t\t\t\t\t\t\t<input size=\"1\" type=\"text\" name=\"form_fields[name]\" id=\"form-field-name\" class=\"elementor-field elementor-size-xs  elementor-field-textual\" placeholder=\"Nome\">\n\t\t\t\t\t\t\t\t\t\t\t<\/div>\n\t\t\t\t\t\t\t\t<div class=\"elementor-field-type-email elementor-field-group elementor-column elementor-field-group-email elementor-col-100 elementor-field-required elementor-mark-required\">\n\t\t\t\t\t\t\t\t\t\t\t\t<label for=\"form-field-email\" class=\"elementor-field-label\">\n\t\t\t\t\t\t\t\tE-mail\t\t\t\t\t\t\t<\/label>\n\t\t\t\t\t\t\t\t\t\t\t\t\t\t<input size=\"1\" type=\"email\" name=\"form_fields[email]\" id=\"form-field-email\" class=\"elementor-field elementor-size-xs  elementor-field-textual\" placeholder=\"E-mail\" required=\"required\">\n\t\t\t\t\t\t\t\t\t\t\t<\/div>\n\t\t\t\t\t\t\t\t<div class=\"elementor-field-type-textarea elementor-field-group elementor-column elementor-field-group-message elementor-col-100\">\n\t\t\t\t\t\t\t\t\t\t\t\t<label for=\"form-field-message\" class=\"elementor-field-label\">\n\t\t\t\t\t\t\t\tMensagem\t\t\t\t\t\t\t<\/label>\n\t\t\t\t\t\t<textarea class=\"elementor-field-textual elementor-field  elementor-size-xs\" name=\"form_fields[message]\" id=\"form-field-message\" rows=\"4\" placeholder=\"Mensagem\"><\/textarea>\t\t\t\t<\/div>\n\t\t\t\t\t\t\t\t<div class=\"elementor-field-group elementor-column elementor-field-type-submit elementor-col-100 e-form__buttons\">\n\t\t\t\t\t<button class=\"elementor-button elementor-size-sm\" type=\"submit\">\n\t\t\t\t\t\t<span class=\"elementor-button-content-wrapper\">\n\t\t\t\t\t\t\t\t\t\t\t\t\t\t\t\t\t\t\t\t\t\t<span class=\"elementor-button-text\">Enviar<\/span>\n\t\t\t\t\t\t\t\t\t\t\t\t\t<\/span>\n\t\t\t\t\t<\/button>\n\t\t\t\t<\/div>\n\t\t\t<\/div>\n\t\t<\/form>\n\t\t\t\t\t\t<\/div>\n\t\t\t\t<div class=\"elementor-element elementor-element-466fd69 elementor-button-info elementor-widget elementor-widget-button\" data-id=\"466fd69\" data-element_type=\"widget\" data-e-type=\"widget\" data-widget_type=\"button.default\">\n\t\t\t\t\t\t\t\t\t\t<a class=\"elementor-button elementor-button-link elementor-size-sm\" href=\"#\">\n\t\t\t\t\t\t<span class=\"elementor-button-content-wrapper\">\n\t\t\t\t\t\t<span class=\"elementor-button-icon\">\n\t\t\t\t<svg aria-hidden=\"true\" class=\"e-font-icon-svg e-far-arrow-alt-circle-right\" viewBox=\"0 0 512 512\" xmlns=\"http:\/\/www.w3.org\/2000\/svg\"><path d=\"M504 256C504 119 393 8 256 8S8 119 8 256s111 248 248 248 248-111 248-248zm-448 0c0-110.5 89.5-200 200-200s200 89.5 200 200-89.5 200-200 200S56 366.5 56 256zm72 20v-40c0-6.6 5.4-12 12-12h116v-67c0-10.7 12.9-16 20.5-8.5l99 99c4.7 4.7 4.7 12.3 0 17l-99 99c-7.6 7.6-20.5 2.2-20.5-8.5v-67H140c-6.6 0-12-5.4-12-12z\"><\/path><\/svg>\t\t\t<\/span>\n\t\t\t\t\t\t\t\t\t<span class=\"elementor-button-text\">Mande sua mensagem aqui<\/span>\n\t\t\t\t\t<\/span>\n\t\t\t\t\t<\/a>\n\t\t\t\t\t\t\t\t<\/div>\n\t\t\t\t\t<\/div>\n\t\t\t\t<\/div>\n\t\t\t\t<\/div>\n\t\t","protected":false},"excerpt":{"rendered":"<p>Constitui\u00e7\u00e3o e Legaliza\u00e7\u00e3o de Empresas A InterA\u00e7\u00e3o Contabilidade auxilia voc\u00ea em todas as etapas para abrir e regularizar sua empresa, com orienta\u00e7\u00e3o clara e segura desde o in\u00edcio do processo. Cuidamos de toda a parte burocr\u00e1tica, garantindo que sua empresa seja constitu\u00edda corretamente, enquadrada no melhor regime tribut\u00e1rio e em conformidade com a legisla\u00e7\u00e3o. O [&hellip;]<\/p>\n","protected":false},"author":2,"featured_media":144,"parent":0,"menu_order":0,"comment_status":"closed","ping_status":"closed","template":"elementor_header_footer","meta":{"footnotes":""},"class_list":["post-682","page","type-page","status-publish","has-post-thumbnail","hentry"],"_hostinger_reach_plugin_has_subscription_block":false,"_hostinger_reach_plugin_is_elementor":false,"_links":{"self":[{"href":"https:\/\/escritoriointeracao.com.br\/index.php?rest_route=\/wp\/v2\/pages\/682","targetHints":{"allow":["GET"]}}],"collection":[{"href":"https:\/\/escritoriointeracao.com.br\/index.php?rest_route=\/wp\/v2\/pages"}],"about":[{"href":"https:\/\/escritoriointeracao.com.br\/index.php?rest_route=\/wp\/v2\/types\/page"}],"author":[{"embeddable":true,"href":"https:\/\/escritoriointeracao.com.br\/index.php?rest_route=\/wp\/v2\/users\/2"}],"replies":[{"embeddable":true,"href":"https:\/\/escritoriointeracao.com.br\/index.php?rest_route=%2Fwp%2Fv2%2Fcomments&post=682"}],"version-history":[{"count":7,"href":"https:\/\/escritoriointeracao.com.br\/index.php?rest_route=\/wp\/v2\/pages\/682\/revisions"}],"predecessor-version":[{"id":693,"href":"https:\/\/escritoriointeracao.com.br\/index.php?rest_route=\/wp\/v2\/pages\/682\/revisions\/693"}],"wp:featuredmedia":[{"embeddable":true,"href":"https:\/\/escritoriointeracao.com.br\/index.php?rest_route=\/wp\/v2\/media\/144"}],"wp:attachment":[{"href":"https:\/\/escritoriointeracao.com.br\/index.php?rest_route=%2Fwp%2Fv2%2Fmedia&parent=682"}],"curies":[{"name":"wp","href":"https:\/\/api.w.org\/{rel}","templated":true}]}}